{"id":3928,"date":"2023-08-16T10:50:01","date_gmt":"2023-08-16T08:50:01","guid":{"rendered":"https:\/\/www.emanuelarinaldi.it\/shop\/?post_type=product&#038;p=3928"},"modified":"2023-08-16T10:50:02","modified_gmt":"2023-08-16T08:50:02","slug":"beauty-experience-home-products-shampoocream","status":"publish","type":"product","link":"https:\/\/www.emanuelarinaldi.it\/shop\/p\/beauty-experience-home-products-shampoocream\/","title":{"rendered":"Beauty Experience Home Products ( Shampoo+Cream)"},"content":{"rendered":"<p>Il kit \u00e8 composto da Nutry Care Shampoo e Nutry Care Cream della linea BEAUTY EXPERIENCE HOME PRODUCTS. Lo shampoo \u00e8 ideale per detergere i capelli molto secchi, fragili e sfruttati restituendo al capello corpo, volume e vigore. La sua formula innovativa \u00e8 arricchita con Estratti di Bava di Lumaca, Melograno e Midollo di Bamb\u00f9; il perfetto bilanciamento di queste sostanze conferisce al prodotto propriet\u00e0 rimpolpanti rendendo i capelli pi\u00f9 voluminosi ed elastici.<\/p>\n","protected":false},"excerpt":{"rendered":"<p>Il kit \u00e8 composto da Nutry Care Shampoo e Nutry Care Cream della linea BEAUTY EXPERIENCE HOME PRODUCTS. Lo shampoo \u00e8 ideale per detergere i capelli molto secchi, fragili e sfruttati restituendo al capello corpo, volume e vigore. La sua formula innovativa \u00e8 arricchita con Estratti di Bava di Lumaca, Melograno e Midollo di Bamb\u00f9; [&hellip;]<\/p>\n","protected":false},"featured_media":3929,"comment_status":"open","ping_status":"closed","template":"","meta":[],"product_cat":[198,197],"product_tag":[],"acf":[],"yoast_head":"<!-- This site is optimized with the Yoast SEO plugin v21.4 - https:\/\/yoast.com\/wordpress\/plugins\/seo\/ -->\n<title>Beauty Experience Home Products ( Shampoo+Cream) - Exclusive Shop<\/title>\n<meta name=\"robots\" content=\"index, follow, max-snippet:-1, max-image-preview:large, max-video-preview:-1\" \/>\n<link rel=\"canonical\" href=\"https:\/\/www.emanuelarinaldi.it\/shop\/p\/beauty-experience-home-products-shampoocream\/\" \/>\n<meta property=\"og:locale\" content=\"it_IT\" \/>\n<meta property=\"og:type\" content=\"article\" \/>\n<meta property=\"og:title\" content=\"Beauty Experience Home Products ( Shampoo+Cream) - Exclusive Shop\" \/>\n<meta property=\"og:description\" content=\"Il kit \u00e8 composto da Nutry Care Shampoo e Nutry Care Cream della linea BEAUTY EXPERIENCE HOME PRODUCTS. Lo shampoo \u00e8 ideale per detergere i capelli molto secchi, fragili e sfruttati restituendo al capello corpo, volume e vigore. La sua formula innovativa \u00e8 arricchita con Estratti di Bava di Lumaca, Melograno e Midollo di Bamb\u00f9; [&hellip;]\" \/>\n<meta property=\"og:url\" content=\"https:\/\/www.emanuelarinaldi.it\/shop\/p\/beauty-experience-home-products-shampoocream\/\" \/>\n<meta property=\"og:site_name\" content=\"Exclusive Shop\" \/>\n<meta property=\"article:modified_time\" content=\"2023-08-16T08:50:02+00:00\" \/>\n<meta property=\"og:image\" content=\"https:\/\/www.emanuelarinaldi.it\/shop\/wp-content\/uploads\/sites\/2\/2023\/08\/beauty-experience_home-products-450x450-1.jpg\" \/>\n\t<meta property=\"og:image:width\" content=\"450\" \/>\n\t<meta property=\"og:image:height\" content=\"450\" \/>\n\t<meta property=\"og:image:type\" content=\"image\/jpeg\" \/>\n<meta name=\"twitter:card\" content=\"summary_large_image\" \/>\n<meta name=\"twitter:label1\" content=\"Tempo di lettura stimato\" \/>\n\t<meta name=\"twitter:data1\" content=\"1 minuto\" \/>\n<script type=\"application\/ld+json\" class=\"yoast-schema-graph\">{\"@context\":\"https:\/\/schema.org\",\"@graph\":[{\"@type\":\"WebPage\",\"@id\":\"https:\/\/www.emanuelarinaldi.it\/shop\/p\/beauty-experience-home-products-shampoocream\/\",\"url\":\"https:\/\/www.emanuelarinaldi.it\/shop\/p\/beauty-experience-home-products-shampoocream\/\",\"name\":\"Beauty Experience Home Products ( Shampoo+Cream) - Exclusive Shop\",\"isPartOf\":{\"@id\":\"https:\/\/www.emanuelarinaldi.it\/shop\/#website\"},\"datePublished\":\"2023-08-16T08:50:01+00:00\",\"dateModified\":\"2023-08-16T08:50:02+00:00\",\"breadcrumb\":{\"@id\":\"https:\/\/www.emanuelarinaldi.it\/shop\/p\/beauty-experience-home-products-shampoocream\/#breadcrumb\"},\"inLanguage\":\"it-IT\",\"potentialAction\":[{\"@type\":\"ReadAction\",\"target\":[\"https:\/\/www.emanuelarinaldi.it\/shop\/p\/beauty-experience-home-products-shampoocream\/\"]}]},{\"@type\":\"BreadcrumbList\",\"@id\":\"https:\/\/www.emanuelarinaldi.it\/shop\/p\/beauty-experience-home-products-shampoocream\/#breadcrumb\",\"itemListElement\":[{\"@type\":\"ListItem\",\"position\":1,\"name\":\"Home\",\"item\":\"https:\/\/www.emanuelarinaldi.it\/shop\/\"},{\"@type\":\"ListItem\",\"position\":2,\"name\":\"Shop\",\"item\":\"https:\/\/www.emanuelarinaldi.it\/shop\/prodotti\/\"},{\"@type\":\"ListItem\",\"position\":3,\"name\":\"Beauty Experience Home Products ( Shampoo+Cream)\"}]},{\"@type\":\"WebSite\",\"@id\":\"https:\/\/www.emanuelarinaldi.it\/shop\/#website\",\"url\":\"https:\/\/www.emanuelarinaldi.it\/shop\/\",\"name\":\"Exclusive Shop\",\"description\":\"\",\"potentialAction\":[{\"@type\":\"SearchAction\",\"target\":{\"@type\":\"EntryPoint\",\"urlTemplate\":\"https:\/\/www.emanuelarinaldi.it\/shop\/?s={search_term_string}\"},\"query-input\":\"required name=search_term_string\"}],\"inLanguage\":\"it-IT\"}]}<\/script>\n<!-- \/ Yoast SEO plugin. -->","yoast_head_json":{"title":"Beauty Experience Home Products ( Shampoo+Cream) - Exclusive Shop","robots":{"index":"index","follow":"follow","max-snippet":"max-snippet:-1","max-image-preview":"max-image-preview:large","max-video-preview":"max-video-preview:-1"},"canonical":"https:\/\/www.emanuelarinaldi.it\/shop\/p\/beauty-experience-home-products-shampoocream\/","og_locale":"it_IT","og_type":"article","og_title":"Beauty Experience Home Products ( Shampoo+Cream) - Exclusive Shop","og_description":"Il kit \u00e8 composto da Nutry Care Shampoo e Nutry Care Cream della linea BEAUTY EXPERIENCE HOME PRODUCTS. Lo shampoo \u00e8 ideale per detergere i capelli molto secchi, fragili e sfruttati restituendo al capello corpo, volume e vigore. La sua formula innovativa \u00e8 arricchita con Estratti di Bava di Lumaca, Melograno e Midollo di Bamb\u00f9; [&hellip;]","og_url":"https:\/\/www.emanuelarinaldi.it\/shop\/p\/beauty-experience-home-products-shampoocream\/","og_site_name":"Exclusive Shop","article_modified_time":"2023-08-16T08:50:02+00:00","og_image":[{"width":450,"height":450,"url":"https:\/\/www.emanuelarinaldi.it\/shop\/wp-content\/uploads\/sites\/2\/2023\/08\/beauty-experience_home-products-450x450-1.jpg","type":"image\/jpeg"}],"twitter_card":"summary_large_image","twitter_misc":{"Tempo di lettura stimato":"1 minuto"},"schema":{"@context":"https:\/\/schema.org","@graph":[{"@type":"WebPage","@id":"https:\/\/www.emanuelarinaldi.it\/shop\/p\/beauty-experience-home-products-shampoocream\/","url":"https:\/\/www.emanuelarinaldi.it\/shop\/p\/beauty-experience-home-products-shampoocream\/","name":"Beauty Experience Home Products ( Shampoo+Cream) - Exclusive Shop","isPartOf":{"@id":"https:\/\/www.emanuelarinaldi.it\/shop\/#website"},"datePublished":"2023-08-16T08:50:01+00:00","dateModified":"2023-08-16T08:50:02+00:00","breadcrumb":{"@id":"https:\/\/www.emanuelarinaldi.it\/shop\/p\/beauty-experience-home-products-shampoocream\/#breadcrumb"},"inLanguage":"it-IT","potentialAction":[{"@type":"ReadAction","target":["https:\/\/www.emanuelarinaldi.it\/shop\/p\/beauty-experience-home-products-shampoocream\/"]}]},{"@type":"BreadcrumbList","@id":"https:\/\/www.emanuelarinaldi.it\/shop\/p\/beauty-experience-home-products-shampoocream\/#breadcrumb","itemListElement":[{"@type":"ListItem","position":1,"name":"Home","item":"https:\/\/www.emanuelarinaldi.it\/shop\/"},{"@type":"ListItem","position":2,"name":"Shop","item":"https:\/\/www.emanuelarinaldi.it\/shop\/prodotti\/"},{"@type":"ListItem","position":3,"name":"Beauty Experience Home Products ( Shampoo+Cream)"}]},{"@type":"WebSite","@id":"https:\/\/www.emanuelarinaldi.it\/shop\/#website","url":"https:\/\/www.emanuelarinaldi.it\/shop\/","name":"Exclusive Shop","description":"","potentialAction":[{"@type":"SearchAction","target":{"@type":"EntryPoint","urlTemplate":"https:\/\/www.emanuelarinaldi.it\/shop\/?s={search_term_string}"},"query-input":"required name=search_term_string"}],"inLanguage":"it-IT"}]}},"_links":{"self":[{"href":"https:\/\/www.emanuelarinaldi.it\/shop\/wp-json\/wp\/v2\/product\/3928"}],"collection":[{"href":"https:\/\/www.emanuelarinaldi.it\/shop\/wp-json\/wp\/v2\/product"}],"about":[{"href":"https:\/\/www.emanuelarinaldi.it\/shop\/wp-json\/wp\/v2\/types\/product"}],"replies":[{"embeddable":true,"href":"https:\/\/www.emanuelarinaldi.it\/shop\/wp-json\/wp\/v2\/comments?post=3928"}],"wp:featuredmedia":[{"embeddable":true,"href":"https:\/\/www.emanuelarinaldi.it\/shop\/wp-json\/wp\/v2\/media\/3929"}],"wp:attachment":[{"href":"https:\/\/www.emanuelarinaldi.it\/shop\/wp-json\/wp\/v2\/media?parent=3928"}],"wp:term":[{"taxonomy":"product_cat","embeddable":true,"href":"https:\/\/www.emanuelarinaldi.it\/shop\/wp-json\/wp\/v2\/product_cat?post=3928"},{"taxonomy":"product_tag","embeddable":true,"href":"https:\/\/www.emanuelarinaldi.it\/shop\/wp-json\/wp\/v2\/product_tag?post=3928"}],"curies":[{"name":"wp","href":"https:\/\/api.w.org\/{rel}","templated":true}]}}